{"id":16888,"date":"2025-11-07T23:43:07","date_gmt":"2025-11-07T20:43:07","guid":{"rendered":"https:\/\/alaceramics.com\/?page_id=16888"},"modified":"2025-11-07T23:44:45","modified_gmt":"2025-11-07T20:44:45","slug":"6698-sayili-kisisel-verilerin-korunmasi-kanunu-ve-bu-kanun-kapsamindaki-haklarla-ilgili-aydinlatma-metni","status":"publish","type":"page","link":"https:\/\/alaceramics.com\/index.php\/6698-sayili-kisisel-verilerin-korunmasi-kanunu-ve-bu-kanun-kapsamindaki-haklarla-ilgili-aydinlatma-metni\/","title":{"rendered":"kvkk"},"content":{"rendered":"\n<p><strong>6698 Say\u0131l\u0131 Ki\u015fisel Verilerin Korunmas\u0131 Kanunu ve Bu Kanun Kapsam\u0131ndaki Haklarla \u0130lgili Ayd\u0131nlatma Metni<\/strong><\/p>\n\n\n\n<p>\u0130\u015fbu Ki\u015fisel Verilerin \u0130\u015flenmesi ve Korunmas\u0131 Hakk\u0131nda Ayd\u0131nlatma Metni (\u201cAyd\u0131nlatma Metni\u201d)&nbsp;ALA CERAMICS ALEV \u015eEKER taraf\u0131ndan, siz veri sahiplerine kar\u015f\u0131, 6698 Say\u0131l\u0131 Ki\u015fisel Verilerin Korunmas\u0131 Kanunu (\u201cKVKK\u201d) gere\u011fince ki\u015fisel verilerin korunmas\u0131 kapsam\u0131nda \u00f6ng\u00f6r\u00fclen ayd\u0131nlatma y\u00fck\u00fcml\u00fcl\u00fc\u011f\u00fcm\u00fcz\u00fc yerine getirmek amac\u0131yla d\u00fczenlenmi\u015ftir. \u0130\u015fbu Ayd\u0131nlatma Metni ile ki\u015fisel verilerinizin i\u015flenmesi a\u015famas\u0131nda \u015firketimizin uymas\u0131 gereken prosed\u00fcr ile sahip oldu\u011funuz hak ve \u00f6zg\u00fcrl\u00fckleriniz a\u00e7\u0131klanm\u0131\u015ft\u0131r.<\/p>\n\n\n\n<p><strong>1. Ki\u015fisel Verilerin \u0130\u015flenmesinin Yasal Dayana\u011f\u0131 Nedir ve Hangi Ama\u00e7la \u0130\u015flenmektedir?<\/strong><\/p>\n\n\n\n<p>6698 say\u0131l\u0131 KVKK\u2019n\u0131n 4., 5. ve 6. maddeleri uyar\u0131nca ki\u015fisel verileriniz; Sunaca\u011f\u0131m\u0131z hizmet \u00e7er\u00e7evesinde sizden alaca\u011f\u0131 talimatlar ve ba\u015fvurular kapsam\u0131nda, yasal mevzuattan kaynaklanan y\u00fck\u00fcml\u00fcl\u00fckler ve s\u0131n\u0131rlar \u00e7er\u00e7evesinde, sunulan hizmetlerden faydalanabilmeniz ve sorunsuz olarak yararlanabilmeniz, s\u00f6zle\u015fme kapsam\u0131ndaki hizmetleri sunabilmek, s\u00f6zle\u015fme s\u00fcresince sat\u0131n almakta oldu\u011funuz hizmete ili\u015fkin gerekli bilgilendirmeleri yapmak, ilgili kampanyalardan sizi haberdar etmek, bilgi saklama, raporlama, bilgilendirme y\u00fck\u00fcml\u00fcl\u00fcklerine uymak amac\u0131yla ve kimlik bilgileri, ileti\u015fim bilgileri, hukuki i\u015flem ve uyum bilgileri, talep ve \u015fikayet y\u00f6netimi bilgileri, g\u00f6rsel ve i\u015fitsel veriler, m\u00fc\u015fteri verileri ve m\u00fc\u015fteri i\u015flem verileri gibi ki\u015fisel ve \u00f6zel nitelikli ki\u015fisel verilerinizi elde etme, kaydetme, saklama, g\u00fcncelleme, s\u0131n\u0131fland\u0131rma, mevzuat\u0131n izin verdi\u011fi \u00fc\u00e7\u00fcnc\u00fc ki\u015filerle payla\u015fma veya onlara devretme gibi konularda, \u201cVeri \u0130\u015fleme\u201d olarak kabul edilen i\u015flemleri KVKK \u00e7er\u00e7evesinde ve ki\u015fisel veri i\u015fleme \u015fartlar\u0131 dahilinde ger\u00e7ekle\u015ftirebilir. Bu sebeple ki\u015fisel verileriniz; s\u00f6zl\u00fc veya elektronik ortamlarda i\u015flemlerinizi tamamlayabilmeniz i\u00e7in gerekli t\u00fcm kay\u0131t ve belgelerin d\u00fczenlenebilmesi, kurumsal s\u00fcrd\u00fcr\u00fclebilirlik, kurumsal y\u00f6netim, stratejik planlama ve bilgi g\u00fcvenli\u011fi s\u00fcre\u00e7lerinin planlanabilmesi, denetlenmesi ve hayata ge\u00e7irilmesi ve idari ve hukuki y\u00fck\u00fcml\u00fcl\u00fcklerimizin gere\u011finin yerine getirilmesi gibi ama\u00e7larla i\u015flenebilir.Bu nedenle Ki\u015fisel verileriniz yasalar\u0131n \u00f6ng\u00f6rd\u00fc\u011f\u00fc s\u0131n\u0131rland\u0131rmalar \u00e7er\u00e7evesinde, \u015eirketimiz \u00fcr\u00fcn ve hizmetlerinin sunulabilmesi, bu konuda ald\u0131\u011f\u0131n\u0131z\/alaca\u011f\u0131n\u0131z \u00fcr\u00fcn ve hizmete ili\u015fkin ileti\u015fim kurulabilmesi, ayr\u0131ca bu konuda izin vermi\u015f olman\u0131z durumunda pazarlama faaliyetlerinde kullan\u0131labilmesi, \u00fcr\u00fcn\/hizmet teklifi, modelleme, raporlama, skorlama, risk izleme, istihbarat, \u015eirketimiz ve i\u015ftiraklerimizin mevcut veya yeni \u00fcr\u00fcn \u00e7al\u0131\u015fmalar\u0131 ve potansiyel m\u00fc\u015fteri tespiti vb ama\u00e7lar ile sermaye piyasas\u0131 faaliyetleri ile ili\u015fkili olarak i\u015flenmektedir. Toplanan ki\u015fisel verileriniz, \u015eirketimiz ve \u0130\u015ftiraklerimiz taraf\u0131ndan sunulan \u00fcr\u00fcn ve hizmetlerden sizleri faydaland\u0131rmak i\u00e7in gerekli \u00e7al\u0131\u015fmalar\u0131n i\u015f birimlerimiz taraf\u0131ndan yap\u0131lmas\u0131, \u015eirketimiz ve \u0130\u015ftiraklerimiz taraf\u0131ndan sunulan \u00fcr\u00fcn ve hizmetlerin sizlerin be\u011feni, kullan\u0131m al\u0131\u015fkanl\u0131klar\u0131 ve ihtiya\u00e7lar\u0131na g\u00f6re \u00f6zelle\u015ftirilerek sizlere \u00f6nerilmesi, \u015eirketimizin, \u0130\u015ftiraklerimizin ve \u015eirketimizle i\u015f ili\u015fkisi i\u00e7erisinde olan ki\u015filerin hukuki ve ticari g\u00fcvenli\u011finin temini (\u015eirketimiz taraf\u0131ndan y\u00fcr\u00fct\u00fclen ileti\u015fime y\u00f6nelik idari operasyonlar, \u015eirkete ait lokasyonlar\u0131n fiziksel g\u00fcvenli\u011fini ve denetimini sa\u011flamak, \u0130\u015ftirakler m\u00fc\u015fterileri de\u011ferlendirme\/\u015fikayet y\u00f6netimi s\u00fcre\u00e7leri, itibar ara\u015ft\u0131rma s\u00fcre\u00e7leri, etkinlik y\u00f6netimi, hukuki uyum s\u00fcreci, denetim, mali i\u015fler v.b.), \u015eirketimizin ticari ve i\u015f stratejilerinin belirlenmesi ve uygulanmas\u0131 ve \u015eirketimizin insan kaynaklar\u0131 politikalar\u0131n\u0131n y\u00fcr\u00fct\u00fclmesinin temini ama\u00e7lar\u0131yla KVK Kanunu\u2019nun 5. ve 6. maddelerinde belirtilen ki\u015fisel veri i\u015fleme \u015fartlar\u0131 ve ama\u00e7lar\u0131 dahilinde i\u015flenebilecektir.<\/p>\n\n\n\n<p><strong>2. \u0130\u015flenen Ki\u015fisel Verilerin Kimlere ve Hangi Ama\u00e7la Aktar\u0131labilece\u011fi<\/strong><\/p>\n\n\n\n<p>Toplanan ki\u015fisel verileriniz; \u015eirketimiz ve \u0130\u015ftiraklerimiz taraf\u0131ndan sunulan \u00fcr\u00fcn ve hizmetlerden sizleri faydaland\u0131rmak i\u00e7in gerekli \u00e7al\u0131\u015fmalar\u0131n i\u015f birimlerimiz taraf\u0131ndan yap\u0131lmas\u0131, \u015eirketimiz, \u015firketimizin yurt i\u00e7i ve yurt d\u0131\u015f\u0131ndaki do\u011frudan veya dolayl\u0131 hissedarlar\u0131, i\u015ftirakleri, ana ortaklar\u0131 ve grup \u015firketleriyle, s\u00f6zle\u015fme imzalad\u0131\u011f\u0131 program ortaklar\u0131yla, ortak marka \u00e7al\u0131\u015fmas\u0131 yapt\u0131\u011f\u0131 \u00fc\u00e7\u00fcnc\u00fc ki\u015filerle ve hizmetlerinin sunulabilmesi i\u00e7in payla\u015f\u0131m\u0131n gerekli olabilece\u011fi ve mevzuatta izin verilen ki\u015filer, kurulu\u015flar, kamu t\u00fczel ki\u015fileri gibi ki\u015fi ve kurulu\u015flarla, yasal d\u00fczenlemelerin izin verdi\u011fi di\u011fer ki\u015fi kurum ve kurulu\u015flarla, hizmet ald\u0131\u011f\u0131 yurt i\u00e7i ve yurt d\u0131\u015f\u0131ndaki di\u011fer \u00fc\u00e7\u00fcnc\u00fc ki\u015filerle ki\u015fisel verilerin korunmas\u0131na ili\u015fkin mevzuat\u0131n \u00f6ng\u00f6rd\u00fc\u011f\u00fc esaslar kapsam\u0131nda payla\u015fabilir.<\/p>\n\n\n\n<p><strong>3. Ki\u015fisel Veri Sahibinin KVK Kanunu\u2019nun 11. Maddesinde Say\u0131lan Haklar Nelerdir?<\/strong><\/p>\n\n\n\n<p>KVK Kanunu uyar\u0131nca, ki\u015fisel verileriniz i\u015flenmi\u015fse buna ili\u015fkin bilgi talep etme, ki\u015fisel verilerinizin i\u015flenme amac\u0131n\u0131 ve bunlar\u0131n amac\u0131na uygun kullan\u0131l\u0131p kullan\u0131lmad\u0131\u011f\u0131n\u0131 \u00f6\u011frenme, yurt i\u00e7inde veya yurt d\u0131\u015f\u0131nda ki\u015fisel verilerinizin aktar\u0131ld\u0131\u011f\u0131 \u00fc\u00e7\u00fcnc\u00fc ki\u015fileri bilme, ki\u015fisel verilerinizin eksik veya yanl\u0131\u015f i\u015flenmi\u015f olmas\u0131 h\u00e2linde bunlar\u0131n d\u00fczeltilmesini isteme, ki\u015fisel verilerinizin silinmesini veya yok edilmesini isteme, ki\u015fisel verilerinizin d\u00fczeltilmesi, silinmesi veya yok edilmesi halinde bu i\u015flemlerin ki\u015fisel verilerinizin aktar\u0131ld\u0131\u011f\u0131 \u00fc\u00e7\u00fcnc\u00fc ki\u015filere bildirilmesini isteme, i\u015flenen ki\u015fisel verilerinizin m\u00fcnhas\u0131ran otomatik sistemler vas\u0131tas\u0131yla analiz edilmesi suretiyle aleyhinizde bir sonucun ortaya \u00e7\u0131kmas\u0131na itiraz etme ve ki\u015fisel verilerinizin kanuna ayk\u0131r\u0131 olarak i\u015flenmesi sebebiyle zarara u\u011framas\u0131 h\u00e2linde zarar\u0131n giderilmesini talep etme haklar\u0131n\u0131z mevcuttur.Ki\u015fisel veri sahibi olarak sahip oldu\u011funuz ve yukar\u0131da belirtilen haklar\u0131n\u0131z\u0131 kullanmak i\u00e7in yapaca\u011f\u0131n\u0131z ve kullanmay\u0131 talep etti\u011finiz hakka ili\u015fkin a\u00e7\u0131klamalar\u0131n\u0131z\u0131 i\u00e7eren ba\u015fvuruda; talep etti\u011finiz hususun a\u00e7\u0131k ve anla\u015f\u0131l\u0131r olmas\u0131, talep etti\u011finiz konunun \u015fahs\u0131n\u0131z ile ilgili olmas\u0131 veya ba\u015fkas\u0131 ad\u0131na hareket ediyor iseniz bu konuda \u00f6zel olarak yetkili olman\u0131z ve yetkinizin belgelendirilmesi, ba\u015fvurunun kimlik ve adres bilgilerini i\u00e7ermesi ve ba\u015fvuruya kimli\u011finizi tevsik edici belgelerin eklenmesi gerekmektedir.Ki\u015fisel veri sahipleri olarak, haklar\u0131n\u0131za ili\u015fkin taleplerinizi \u015eirketimize web sitemizde yer alan&nbsp;<a href=\"https:\/\/www.eticaret.guru\/kvkk-bilgi-formu.pdf\" target=\"_blank\" rel=\"noreferrer noopener\">ba\u015fvuru formunu<\/a>&nbsp;doldurarak, formun imzal\u0131 bir n\u00fcshas\u0131n\u0131&nbsp;\u0130\u00e7erenk\u00f6y Mh. Top\u00e7u \u0130brahim Sk. AND Ofis Sit. No: 8-10D\/5 34752 Ata\u015fehir \/ \u0130stanbul adresine kimli\u011finizi tespit edici belgeler ile bizzat elden iletebilir, noter kanal\u0131yla veya KVK Kanunu\u2019nda belirtilen di\u011fer y\u00f6ntemler ile g\u00f6nderebilir veya ilgili formu&nbsp;<a href=\"mailto:destek@eticaret.guru\">siparis@alaceramics.com <\/a>&nbsp;adresine g\u00fcvenli elektronik imzal\u0131 olarak iletebilirsiniz. \u0130letmeniz durumunda \u015eirket talebin niteli\u011fine g\u00f6re talebi en k\u0131sa s\u00fcrede ve en ge\u00e7 otuz (30) g\u00fcn i\u00e7inde sonu\u00e7land\u0131r\u0131lacakt\u0131r. Ancak, i\u015flemin ayr\u0131ca bir maliyeti gerektirmesi h\u00e2linde, \u015eirket taraf\u0131ndan Ki\u015fisel Verileri Koruma Kurulunca belirlenen tarifedeki \u00fccret al\u0131nacakt\u0131r.<\/p>\n\n\n\n<p><strong>4. Veriler Hangi S\u00fcreler ile Saklanacakt\u0131r?<\/strong><\/p>\n\n\n\n<p>Ki\u015fisel verileriniz i\u015fbu Ayd\u0131nlatma Metni ile size bildirilen ama\u00e7lar d\u0131\u015f\u0131nda kullan\u0131lmamak kayd\u0131yla i\u015flenecek olup, ilgili mevzuatta \u00f6ng\u00f6r\u00fclen yasal saklama s\u00fcreleri boyunca muhafaza edilir. Bu s\u00fcrelerin sonunda KVKK\u2019n\u0131n 7. maddesi uyar\u0131nca resmen ya da talebiniz \u00fczerine Veriler silinecek, yok edilecek ya da anonim hale getirilecektir.<\/p>\n\n\n\n<p><strong>Ticaret Sicil No:<\/strong>&nbsp;<\/p>\n\n\n\n<p><strong>Mersis No:<\/strong>&nbsp;<\/p>\n\n\n\n<p><strong>Ticaret \u00dcnvan\u0131:<\/strong>&nbsp;ALA CERAM\u0130CS ALEV \u015eEKER<\/p>\n\n\n\n<p><strong>Adres:<\/strong>&nbsp;Bo\u011fazi\u00e7i Mh.Eti cad.No:12\/C Arhavi \/Artvin<\/p>\n\n\n\n<p><strong>Websitesi:<\/strong>&nbsp;www.alaceramics.com<\/p>\n\n\n\n<p><strong>Merkez  Telefon:<\/strong>&nbsp;0530 391 46 77<\/p>\n\n\n\n<p><\/p>\n","protected":false},"excerpt":{"rendered":"<p>6698 Say\u0131l\u0131 Ki\u015fisel Verilerin Korunmas\u0131 Kanunu ve Bu Kanun Kapsam\u0131ndaki Haklarla \u0130lgili Ayd\u0131nlatma Metni \u0130\u015fbu Ki\u015fisel Verilerin \u0130\u015flenmesi ve Korunmas\u0131<\/p>\n","protected":false},"author":1,"featured_media":0,"parent":0,"menu_order":0,"comment_status":"closed","ping_status":"closed","template":"","meta":{"footnotes":""},"class_list":["post-16888","page","type-page","status-publish","hentry"],"jetpack_sharing_enabled":true,"_links":{"self":[{"href":"https:\/\/alaceramics.com\/index.php\/wp-json\/wp\/v2\/pages\/16888","targetHints":{"allow":["GET"]}}],"collection":[{"href":"https:\/\/alaceramics.com\/index.php\/wp-json\/wp\/v2\/pages"}],"about":[{"href":"https:\/\/alaceramics.com\/index.php\/wp-json\/wp\/v2\/types\/page"}],"author":[{"embeddable":true,"href":"https:\/\/alaceramics.com\/index.php\/wp-json\/wp\/v2\/users\/1"}],"replies":[{"embeddable":true,"href":"https:\/\/alaceramics.com\/index.php\/wp-json\/wp\/v2\/comments?post=16888"}],"version-history":[{"count":3,"href":"https:\/\/alaceramics.com\/index.php\/wp-json\/wp\/v2\/pages\/16888\/revisions"}],"predecessor-version":[{"id":16891,"href":"https:\/\/alaceramics.com\/index.php\/wp-json\/wp\/v2\/pages\/16888\/revisions\/16891"}],"wp:attachment":[{"href":"https:\/\/alaceramics.com\/index.php\/wp-json\/wp\/v2\/media?parent=16888"}],"curies":[{"name":"wp","href":"https:\/\/api.w.org\/{rel}","templated":true}]}}