{"id":4400,"date":"2021-10-12T15:51:09","date_gmt":"2021-10-12T15:51:09","guid":{"rendered":"http:\/\/dummy.xtemos.com\/woodmart2\/elementor\/?page_id=4400"},"modified":"2025-10-26T13:18:06","modified_gmt":"2025-10-26T10:18:06","slug":"about-us-3","status":"publish","type":"page","link":"https:\/\/alaceramics.com\/index.php\/about-us-3\/","title":{"rendered":"About us"},"content":{"rendered":"\t\t<div data-elementor-type=\"wp-page\" data-elementor-id=\"4400\" class=\"elementor elementor-4400\">\n\t\t\t\t<div class=\"wd-negative-gap elementor-element elementor-element-7c7c544 e-flex e-con-boxed e-con e-parent\" data-id=\"7c7c544\" data-element_type=\"container\" data-e-type=\"container\">\n\t\t\t\t\t<div class=\"e-con-inner\">\n\t\t<div class=\"elementor-element elementor-element-e7cb5cd e-con-full e-flex e-con e-child\" data-id=\"e7cb5cd\" data-element_type=\"container\" data-e-type=\"container\">\n\t\t\t\t<div class=\"elementor-element elementor-element-56aec39 elementor-widget elementor-widget-wd_image_or_svg\" data-id=\"56aec39\" data-element_type=\"widget\" data-e-type=\"widget\" data-widget_type=\"wd_image_or_svg.default\">\n\t\t\t\t<div class=\"elementor-widget-container\">\n\t\t\t\t\t\n\t\t<div class=\"wd-image text-left\">\n\t\t\t\t\t\t\t\t<img fetchpriority=\"high\" decoding=\"async\" width=\"1280\" height=\"1280\" src=\"https:\/\/alaceramics.com\/wp-content\/uploads\/2025\/10\/alaceramicsLogo-Photoroom.png\" class=\"attachment-full size-full\" alt=\"\" srcset=\"https:\/\/alaceramics.com\/wp-content\/uploads\/2025\/10\/alaceramicsLogo-Photoroom.png 1280w, https:\/\/alaceramics.com\/wp-content\/uploads\/2025\/10\/alaceramicsLogo-Photoroom-300x300.png 300w, https:\/\/alaceramics.com\/wp-content\/uploads\/2025\/10\/alaceramicsLogo-Photoroom-800x800.png 800w, https:\/\/alaceramics.com\/wp-content\/uploads\/2025\/10\/alaceramicsLogo-Photoroom-150x150.png 150w, https:\/\/alaceramics.com\/wp-content\/uploads\/2025\/10\/alaceramicsLogo-Photoroom-768x768.png 768w, https:\/\/alaceramics.com\/wp-content\/uploads\/2025\/10\/alaceramicsLogo-Photoroom-430x430.png 430w, https:\/\/alaceramics.com\/wp-content\/uploads\/2025\/10\/alaceramicsLogo-Photoroom-700x700.png 700w, https:\/\/alaceramics.com\/wp-content\/uploads\/2025\/10\/alaceramicsLogo-Photoroom-200x200.png 200w\" sizes=\"(max-width: 1280px) 100vw, 1280px\" \/>\t\t\t\t\t<\/div>\n\n\t\t\t\t\t\t<\/div>\n\t\t\t\t<\/div>\n\t\t\t\t<\/div>\n\t\t<div class=\"elementor-element elementor-element-97d6084 e-con-full e-flex e-con e-child\" data-id=\"97d6084\" data-element_type=\"container\" data-e-type=\"container\">\n\t\t\t\t<div class=\"elementor-element elementor-element-ec0b27c elementor-widget elementor-widget-wd_text_block\" data-id=\"ec0b27c\" data-element_type=\"widget\" data-e-type=\"widget\" data-widget_type=\"wd_text_block.default\">\n\t\t\t\t<div class=\"elementor-widget-container\">\n\t\t\t\t\t\t\t<div class=\"wd-text-block reset-last-child text-left\">\n\t\t\t\n\t\t\t<p style=\"font-weight: 400;\"><strong>K\u00dcLT\u00dcREL M\u0130RASIN YEN\u0130 Y\u00dcZ\u00dc <\/strong><\/p>\n\t\t\t\t\t<\/div>\n\t\t\t\t\t\t<\/div>\n\t\t\t\t<\/div>\n\t\t\t\t<div class=\"elementor-element elementor-element-70371d8 elementor-widget elementor-widget-wd_text_block\" data-id=\"70371d8\" data-element_type=\"widget\" data-e-type=\"widget\" data-widget_type=\"wd_text_block.default\">\n\t\t\t\t<div class=\"elementor-widget-container\">\n\t\t\t\t\t\t\t<div class=\"wd-text-block reset-last-child text-left\">\n\t\t\t\n\t\t\t<p style=\"font-weight: 400;\">Maksad\u0131m\u0131z, as\u0131rl\u0131k el sanatlar\u0131 gelene\u011fi ile g\u00fcn\u00fcm\u00fcz\u00fcn modern tasar\u0131m \u00e7izgisini birle\u015ftiren sa\u011flam bir k\u00f6pr\u00fc kurmakt\u0131r<strong>.<\/strong>\u00a0Ala Ceramics olarak, yaln\u0131zca \u00fcr\u00fcn de\u011fil, k\u00fclt\u00fcrel miras\u0131m\u0131z\u0131n ruhunu ta\u015f\u0131yan zamans\u0131z eserler \u00fcretiyoruz. Her bir eserin k\u00f6keninde derin bir ustal\u0131k ve gelece\u011fe ta\u015f\u0131ma arzusu yatar.<\/p>\n\t\t\t\t\t<\/div>\n\t\t\t\t\t\t<\/div>\n\t\t\t\t<\/div>\n\t\t\t\t<div class=\"elementor-element elementor-element-b7302d5 elementor-widget elementor-widget-wd_text_block\" data-id=\"b7302d5\" data-element_type=\"widget\" data-e-type=\"widget\" data-widget_type=\"wd_text_block.default\">\n\t\t\t\t<div class=\"elementor-widget-container\">\n\t\t\t\t\t\t\t<div class=\"wd-text-block reset-last-child text-left\">\n\t\t\t\n\t\t\t<p style=\"font-weight: 400;\"><strong>V\u0130ZYON VE DE\u011eERLER\u0130M\u0130Z<\/strong><\/p>\n\t\t\t\t\t<\/div>\n\t\t\t\t\t\t<\/div>\n\t\t\t\t<\/div>\n\t\t\t\t<div class=\"elementor-element elementor-element-91f01de elementor-widget elementor-widget-wd_text_block\" data-id=\"91f01de\" data-element_type=\"widget\" data-e-type=\"widget\" data-widget_type=\"wd_text_block.default\">\n\t\t\t\t<div class=\"elementor-widget-container\">\n\t\t\t\t\t\t\t<div class=\"wd-text-block reset-last-child text-left\">\n\t\t\t\n\t\t\t<p style=\"font-weight: 400;\">Kalite, \u00f6zg\u00fcn tasar\u0131m ve m\u00fc\u015fteri memnuniyeti, Ala Ceramics'in temel ta\u015flar\u0131d\u0131r. Misyonumuz, el sanatlar\u0131 ustal\u0131\u011f\u0131n\u0131 korurken, kurumsal ve bireysel ya\u015fam alanlar\u0131na estetik ve de\u011fer katmakt\u0131r. Bizim i\u00e7in ba\u015far\u0131, \u00fcretti\u011fimiz her eserin zamana meydan okumas\u0131d\u0131r.<span style=\"font-size: 16px; text-align: var(--text-align);\"><\/span><\/p>\n\t\t\t\t\t<\/div>\n\t\t\t\t\t\t<\/div>\n\t\t\t\t<\/div>\n\t\t\t\t<div class=\"elementor-element elementor-element-66e47ad elementor-widget elementor-widget-wd_text_block\" data-id=\"66e47ad\" data-element_type=\"widget\" data-e-type=\"widget\" data-widget_type=\"wd_text_block.default\">\n\t\t\t\t<div class=\"elementor-widget-container\">\n\t\t\t\t\t\t\t<div class=\"wd-text-block reset-last-child text-left\">\n\t\t\t\n\t\t\t<p style=\"font-weight: 400;\"><strong>USTALIK VE \u00dcRET\u0130M FELSEFEM\u0130Z<\/strong><span style=\"font-size: 16px; text-align: var(--text-align);\"><\/span><\/p>\n\t\t\t\t\t<\/div>\n\t\t\t\t\t\t<\/div>\n\t\t\t\t<\/div>\n\t\t\t\t<div class=\"elementor-element elementor-element-633dc4a elementor-widget elementor-widget-wd_text_block\" data-id=\"633dc4a\" data-element_type=\"widget\" data-e-type=\"widget\" data-widget_type=\"wd_text_block.default\">\n\t\t\t\t<div class=\"elementor-widget-container\">\n\t\t\t\t\t\t\t<div class=\"wd-text-block reset-last-child text-left\">\n\t\t\t\n\t\t\t<p style=\"font-weight: 400;\">\u00dcretim s\u00fcrecimizde asla kaliteden \u00f6d\u00fcn vermiyoruz. Her bir \u00fcr\u00fcn;\u00a0en iyi malzemeler, titiz el i\u015f\u00e7ili\u011fi ve butik \u00fcretim yakla\u015f\u0131m\u0131yla hayat bulur. Uzmanl\u0131\u011f\u0131m\u0131z, detaylara olan sonsuz sayg\u0131m\u0131zdan gelir.<\/p>\n\t\t\t\t\t<\/div>\n\t\t\t\t\t\t<\/div>\n\t\t\t\t<\/div>\n\t\t\t\t<\/div>\n\t\t\t\t\t<\/div>\n\t\t\t\t<\/div>\n\t\t<div class=\"wd-negative-gap elementor-element elementor-element-547a991 e-flex e-con-boxed e-con e-parent\" data-id=\"547a991\" data-element_type=\"container\" data-e-type=\"container\">\n\t\t\t\t\t<div class=\"e-con-inner\">\n\t\t\t\t\t<\/div>\n\t\t\t\t<\/div>\n\t\t\t\t<\/div>\n\t\t","protected":false},"excerpt":{"rendered":"<p>K\u00dcLT\u00dcREL M\u0130RASIN YEN\u0130 Y\u00dcZ\u00dc Maksad\u0131m\u0131z, as\u0131rl\u0131k el sanatlar\u0131 gelene\u011fi ile g\u00fcn\u00fcm\u00fcz\u00fcn modern tasar\u0131m \u00e7izgisini birle\u015ftiren sa\u011flam bir k\u00f6pr\u00fc kurmakt\u0131r.\u00a0Ala Ceramics<\/p>\n","protected":false},"author":1,"featured_media":0,"parent":0,"menu_order":0,"comment_status":"closed","ping_status":"closed","template":"","meta":{"footnotes":""},"class_list":["post-4400","page","type-page","status-publish","hentry"],"jetpack_sharing_enabled":true,"_links":{"self":[{"href":"https:\/\/alaceramics.com\/index.php\/wp-json\/wp\/v2\/pages\/4400","targetHints":{"allow":["GET"]}}],"collection":[{"href":"https:\/\/alaceramics.com\/index.php\/wp-json\/wp\/v2\/pages"}],"about":[{"href":"https:\/\/alaceramics.com\/index.php\/wp-json\/wp\/v2\/types\/page"}],"author":[{"embeddable":true,"href":"https:\/\/alaceramics.com\/index.php\/wp-json\/wp\/v2\/users\/1"}],"replies":[{"embeddable":true,"href":"https:\/\/alaceramics.com\/index.php\/wp-json\/wp\/v2\/comments?post=4400"}],"version-history":[{"count":18,"href":"https:\/\/alaceramics.com\/index.php\/wp-json\/wp\/v2\/pages\/4400\/revisions"}],"predecessor-version":[{"id":15925,"href":"https:\/\/alaceramics.com\/index.php\/wp-json\/wp\/v2\/pages\/4400\/revisions\/15925"}],"wp:attachment":[{"href":"https:\/\/alaceramics.com\/index.php\/wp-json\/wp\/v2\/media?parent=4400"}],"curies":[{"name":"wp","href":"https:\/\/api.w.org\/{rel}","templated":true}]}}