{"id":16549,"date":"2025-11-01T18:31:40","date_gmt":"2025-11-01T15:31:40","guid":{"rendered":"https:\/\/alaceramics.com\/?post_type=product&#038;p=16549"},"modified":"2025-11-06T17:35:46","modified_gmt":"2025-11-06T14:35:46","slug":"filografi-turk-bayragi-15x225-kadife-kutulu","status":"publish","type":"product","link":"https:\/\/alaceramics.com\/index.php\/urun\/filografi-turk-bayragi-15x225-kadife-kutulu\/","title":{"rendered":"Filografi T\u00fcrk Bayra\u011f\u0131 15&#215;22,5 Kadife Kutulu"},"content":{"rendered":"","protected":false},"excerpt":{"rendered":"","protected":false},"featured_media":16814,"comment_status":"open","ping_status":"closed","template":"","meta":[],"product_brand":[],"product_cat":[94,95,72,46,88],"product_tag":[129,123,130,116,127,125,128,126,118,124],"class_list":{"0":"post-16549","1":"product","2":"type-product","3":"status-publish","4":"has-post-thumbnail","6":"product_cat-filografi-plaket","7":"product_cat-kadife-kutular","8":"product_cat-kutu-koleksiyonu","9":"product_cat-ozeltasarimhediyesetleri","10":"product_cat-plaket-koleksiyonu","11":"product_tag-el-yapimi-bayrak","12":"product_tag-filografi","13":"product_tag-filografi-turk-bayragi","14":"product_tag-hediye","15":"product_tag-hediyelik","16":"product_tag-kadife-kutu","17":"product_tag-kuruksal-hediye","18":"product_tag-plaket","19":"product_tag-promosyon","20":"product_tag-turk-bayragi","22":"first","23":"instock","24":"shipping-taxable","25":"purchasable","26":"product-type-simple"},"jetpack_sharing_enabled":true,"_links":{"self":[{"href":"https:\/\/alaceramics.com\/index.php\/wp-json\/wp\/v2\/product\/16549","targetHints":{"allow":["GET"]}}],"collection":[{"href":"https:\/\/alaceramics.com\/index.php\/wp-json\/wp\/v2\/product"}],"about":[{"href":"https:\/\/alaceramics.com\/index.php\/wp-json\/wp\/v2\/types\/product"}],"replies":[{"embeddable":true,"href":"https:\/\/alaceramics.com\/index.php\/wp-json\/wp\/v2\/comments?post=16549"}],"version-history":[{"count":1,"href":"https:\/\/alaceramics.com\/index.php\/wp-json\/wp\/v2\/product\/16549\/revisions"}],"predecessor-version":[{"id":16550,"href":"https:\/\/alaceramics.com\/index.php\/wp-json\/wp\/v2\/product\/16549\/revisions\/16550"}],"wp:featuredmedia":[{"embeddable":true,"href":"https:\/\/alaceramics.com\/index.php\/wp-json\/wp\/v2\/media\/16814"}],"wp:attachment":[{"href":"https:\/\/alaceramics.com\/index.php\/wp-json\/wp\/v2\/media?parent=16549"}],"wp:term":[{"taxonomy":"product_brand","embeddable":true,"href":"https:\/\/alaceramics.com\/index.php\/wp-json\/wp\/v2\/product_brand?post=16549"},{"taxonomy":"product_cat","embeddable":true,"href":"https:\/\/alaceramics.com\/index.php\/wp-json\/wp\/v2\/product_cat?post=16549"},{"taxonomy":"product_tag","embeddable":true,"href":"https:\/\/alaceramics.com\/index.php\/wp-json\/wp\/v2\/product_tag?post=16549"}],"curies":[{"name":"wp","href":"https:\/\/api.w.org\/{rel}","templated":true}]}}