{"id":16564,"date":"2025-11-01T19:07:06","date_gmt":"2025-11-01T16:07:06","guid":{"rendered":"https:\/\/alaceramics.com\/?post_type=product&#038;p=16564"},"modified":"2025-11-06T17:23:26","modified_gmt":"2025-11-06T14:23:26","slug":"filografi-turk-bayragi-yuvarlak-gumus-tabakli-plaket-model-luks-kadife-kutulu","status":"publish","type":"product","link":"https:\/\/alaceramics.com\/index.php\/urun\/filografi-turk-bayragi-yuvarlak-gumus-tabakli-plaket-model-luks-kadife-kutulu\/","title":{"rendered":"Filografi T\u00fcrk Bayra\u011f\u0131 Yuvarlak G\u00fcm\u00fc\u015f Tabakl\u0131 Plaket Model L\u00fcks Kadife Kutulu"},"content":{"rendered":"","protected":false},"excerpt":{"rendered":"","protected":false},"featured_media":16804,"comment_status":"open","ping_status":"closed","template":"","meta":[],"product_brand":[],"product_cat":[94,72,96,46,88],"product_tag":[129,123,130,116,127,125,128,126,131,118,132,124],"class_list":{"0":"post-16564","1":"product","2":"type-product","3":"status-publish","4":"has-post-thumbnail","6":"product_cat-filografi-plaket","7":"product_cat-kutu-koleksiyonu","8":"product_cat-luks-kadife-kutular","9":"product_cat-ozeltasarimhediyesetleri","10":"product_cat-plaket-koleksiyonu","11":"product_tag-el-yapimi-bayrak","12":"product_tag-filografi","13":"product_tag-filografi-turk-bayragi","14":"product_tag-hediye","15":"product_tag-hediyelik","16":"product_tag-kadife-kutu","17":"product_tag-kuruksal-hediye","18":"product_tag-plaket","19":"product_tag-plaket-metal-tabak","20":"product_tag-promosyon","21":"product_tag-tabakli-filografi-bayrak","22":"product_tag-turk-bayragi","24":"first","25":"instock","26":"shipping-taxable","27":"purchasable","28":"product-type-simple"},"jetpack_sharing_enabled":true,"_links":{"self":[{"href":"https:\/\/alaceramics.com\/index.php\/wp-json\/wp\/v2\/product\/16564","targetHints":{"allow":["GET"]}}],"collection":[{"href":"https:\/\/alaceramics.com\/index.php\/wp-json\/wp\/v2\/product"}],"about":[{"href":"https:\/\/alaceramics.com\/index.php\/wp-json\/wp\/v2\/types\/product"}],"replies":[{"embeddable":true,"href":"https:\/\/alaceramics.com\/index.php\/wp-json\/wp\/v2\/comments?post=16564"}],"version-history":[{"count":1,"href":"https:\/\/alaceramics.com\/index.php\/wp-json\/wp\/v2\/product\/16564\/revisions"}],"predecessor-version":[{"id":16565,"href":"https:\/\/alaceramics.com\/index.php\/wp-json\/wp\/v2\/product\/16564\/revisions\/16565"}],"wp:featuredmedia":[{"embeddable":true,"href":"https:\/\/alaceramics.com\/index.php\/wp-json\/wp\/v2\/media\/16804"}],"wp:attachment":[{"href":"https:\/\/alaceramics.com\/index.php\/wp-json\/wp\/v2\/media?parent=16564"}],"wp:term":[{"taxonomy":"product_brand","embeddable":true,"href":"https:\/\/alaceramics.com\/index.php\/wp-json\/wp\/v2\/product_brand?post=16564"},{"taxonomy":"product_cat","embeddable":true,"href":"https:\/\/alaceramics.com\/index.php\/wp-json\/wp\/v2\/product_cat?post=16564"},{"taxonomy":"product_tag","embeddable":true,"href":"https:\/\/alaceramics.com\/index.php\/wp-json\/wp\/v2\/product_tag?post=16564"}],"curies":[{"name":"wp","href":"https:\/\/api.w.org\/{rel}","templated":true}]}}