{"id":16606,"date":"2025-11-01T23:00:36","date_gmt":"2025-11-01T20:00:36","guid":{"rendered":"https:\/\/alaceramics.com\/?post_type=product&#038;p=16606"},"modified":"2025-11-06T17:41:53","modified_gmt":"2025-11-06T14:41:53","slug":"filografi-ataturk-portresi-ve-imzasi-plaket-model-kadife-kutulu","status":"publish","type":"product","link":"https:\/\/alaceramics.com\/index.php\/urun\/filografi-ataturk-portresi-ve-imzasi-plaket-model-kadife-kutulu\/","title":{"rendered":"Filografi Atat\u00fcrk Portresi Ve \u0130mzas\u0131 Plaket Model Kadife Kutulu"},"content":{"rendered":"","protected":false},"excerpt":{"rendered":"","protected":false},"featured_media":16810,"comment_status":"open","ping_status":"closed","template":"","meta":[],"product_brand":[],"product_cat":[94,95,72,46,107,88],"product_tag":[111,136,123,135,137,125,117,126,118],"class_list":{"0":"post-16606","1":"product","2":"type-product","3":"status-publish","4":"has-post-thumbnail","6":"product_cat-filografi-plaket","7":"product_cat-kadife-kutular","8":"product_cat-kutu-koleksiyonu","9":"product_cat-ozeltasarimhediyesetleri","10":"product_cat-ozel-tasarim-hediye-setleri","11":"product_cat-plaket-koleksiyonu","12":"product_tag-ataturk","13":"product_tag-ataturk-imzasi","14":"product_tag-filografi","15":"product_tag-filografi-ataturk-portresi","16":"product_tag-filografi-plaket","17":"product_tag-kadife-kutu","18":"product_tag-kurumsal-hediye","19":"product_tag-plaket","20":"product_tag-promosyon","22":"first","23":"instock","24":"shipping-taxable","25":"purchasable","26":"product-type-simple"},"jetpack_sharing_enabled":true,"_links":{"self":[{"href":"https:\/\/alaceramics.com\/index.php\/wp-json\/wp\/v2\/product\/16606","targetHints":{"allow":["GET"]}}],"collection":[{"href":"https:\/\/alaceramics.com\/index.php\/wp-json\/wp\/v2\/product"}],"about":[{"href":"https:\/\/alaceramics.com\/index.php\/wp-json\/wp\/v2\/types\/product"}],"replies":[{"embeddable":true,"href":"https:\/\/alaceramics.com\/index.php\/wp-json\/wp\/v2\/comments?post=16606"}],"version-history":[{"count":1,"href":"https:\/\/alaceramics.com\/index.php\/wp-json\/wp\/v2\/product\/16606\/revisions"}],"predecessor-version":[{"id":16607,"href":"https:\/\/alaceramics.com\/index.php\/wp-json\/wp\/v2\/product\/16606\/revisions\/16607"}],"wp:featuredmedia":[{"embeddable":true,"href":"https:\/\/alaceramics.com\/index.php\/wp-json\/wp\/v2\/media\/16810"}],"wp:attachment":[{"href":"https:\/\/alaceramics.com\/index.php\/wp-json\/wp\/v2\/media?parent=16606"}],"wp:term":[{"taxonomy":"product_brand","embeddable":true,"href":"https:\/\/alaceramics.com\/index.php\/wp-json\/wp\/v2\/product_brand?post=16606"},{"taxonomy":"product_cat","embeddable":true,"href":"https:\/\/alaceramics.com\/index.php\/wp-json\/wp\/v2\/product_cat?post=16606"},{"taxonomy":"product_tag","embeddable":true,"href":"https:\/\/alaceramics.com\/index.php\/wp-json\/wp\/v2\/product_tag?post=16606"}],"curies":[{"name":"wp","href":"https:\/\/api.w.org\/{rel}","templated":true}]}}