{"id":16612,"date":"2025-11-01T23:31:01","date_gmt":"2025-11-01T20:31:01","guid":{"rendered":"https:\/\/alaceramics.com\/?post_type=product&#038;p=16612"},"modified":"2025-11-06T00:27:12","modified_gmt":"2025-11-05T21:27:12","slug":"cinili-ahsap-kutu-10x10-el-yapimi-cini-karolu-02","status":"publish","type":"product","link":"https:\/\/alaceramics.com\/index.php\/urun\/cinili-ahsap-kutu-10x10-el-yapimi-cini-karolu-02\/","title":{"rendered":"\u00c7inili Ah\u015fap Kutu 10&#215;10 El Yap\u0131m\u0131 \u00c7ini Karolu 02"},"content":{"rendered":"","protected":false},"excerpt":{"rendered":"","protected":false},"featured_media":16788,"comment_status":"open","ping_status":"closed","template":"","meta":[],"product_brand":[],"product_cat":[101,77,73,72],"product_tag":[141,139,142,143,138,116,127,140,117,118],"class_list":{"0":"post-16612","1":"product","2":"type-product","3":"status-publish","4":"has-post-thumbnail","6":"product_cat-cinili-ahsap-kutular","7":"product_cat-cinili-ahsap-urunler","8":"product_cat-iznik-cini-koleksiyonu","9":"product_cat-kutu-koleksiyonu","10":"product_tag-ahsap-kutu","11":"product_tag-cini","12":"product_tag-cini-karo","13":"product_tag-cinili-ahsap-kutu","14":"product_tag-el-yapimi-cini","15":"product_tag-hediye","16":"product_tag-hediyelik","17":"product_tag-iznik-cini","18":"product_tag-kurumsal-hediye","19":"product_tag-promosyon","21":"first","22":"instock","23":"shipping-taxable","24":"purchasable","25":"product-type-simple"},"jetpack_sharing_enabled":true,"_links":{"self":[{"href":"https:\/\/alaceramics.com\/index.php\/wp-json\/wp\/v2\/product\/16612","targetHints":{"allow":["GET"]}}],"collection":[{"href":"https:\/\/alaceramics.com\/index.php\/wp-json\/wp\/v2\/product"}],"about":[{"href":"https:\/\/alaceramics.com\/index.php\/wp-json\/wp\/v2\/types\/product"}],"replies":[{"embeddable":true,"href":"https:\/\/alaceramics.com\/index.php\/wp-json\/wp\/v2\/comments?post=16612"}],"version-history":[{"count":1,"href":"https:\/\/alaceramics.com\/index.php\/wp-json\/wp\/v2\/product\/16612\/revisions"}],"predecessor-version":[{"id":16613,"href":"https:\/\/alaceramics.com\/index.php\/wp-json\/wp\/v2\/product\/16612\/revisions\/16613"}],"wp:featuredmedia":[{"embeddable":true,"href":"https:\/\/alaceramics.com\/index.php\/wp-json\/wp\/v2\/media\/16788"}],"wp:attachment":[{"href":"https:\/\/alaceramics.com\/index.php\/wp-json\/wp\/v2\/media?parent=16612"}],"wp:term":[{"taxonomy":"product_brand","embeddable":true,"href":"https:\/\/alaceramics.com\/index.php\/wp-json\/wp\/v2\/product_brand?post=16612"},{"taxonomy":"product_cat","embeddable":true,"href":"https:\/\/alaceramics.com\/index.php\/wp-json\/wp\/v2\/product_cat?post=16612"},{"taxonomy":"product_tag","embeddable":true,"href":"https:\/\/alaceramics.com\/index.php\/wp-json\/wp\/v2\/product_tag?post=16612"}],"curies":[{"name":"wp","href":"https:\/\/api.w.org\/{rel}","templated":true}]}}