{"id":16638,"date":"2025-11-02T00:01:25","date_gmt":"2025-11-01T21:01:25","guid":{"rendered":"https:\/\/alaceramics.com\/?post_type=product&#038;p=16638"},"modified":"2025-11-06T00:04:48","modified_gmt":"2025-11-05T21:04:48","slug":"cinili-ahsap-kutu-20x20-el-yapimi-cini-karolu-08","status":"publish","type":"product","link":"https:\/\/alaceramics.com\/index.php\/urun\/cinili-ahsap-kutu-20x20-el-yapimi-cini-karolu-08\/","title":{"rendered":"\u00c7inili Ah\u015fap Kutu 20&#215;20 El Yap\u0131m\u0131 \u00c7ini Karolu 08"},"content":{"rendered":"","protected":false},"excerpt":{"rendered":"","protected":false},"featured_media":16796,"comment_status":"open","ping_status":"closed","template":"","meta":[],"product_brand":[],"product_cat":[101,77,73,72],"product_tag":[141,139,142,143,138,116,127,140,117,118],"class_list":{"0":"post-16638","1":"product","2":"type-product","3":"status-publish","4":"has-post-thumbnail","6":"product_cat-cinili-ahsap-kutular","7":"product_cat-cinili-ahsap-urunler","8":"product_cat-iznik-cini-koleksiyonu","9":"product_cat-kutu-koleksiyonu","10":"product_tag-ahsap-kutu","11":"product_tag-cini","12":"product_tag-cini-karo","13":"product_tag-cinili-ahsap-kutu","14":"product_tag-el-yapimi-cini","15":"product_tag-hediye","16":"product_tag-hediyelik","17":"product_tag-iznik-cini","18":"product_tag-kurumsal-hediye","19":"product_tag-promosyon","21":"first","22":"instock","23":"shipping-taxable","24":"purchasable","25":"product-type-simple"},"jetpack_sharing_enabled":true,"_links":{"self":[{"href":"https:\/\/alaceramics.com\/index.php\/wp-json\/wp\/v2\/product\/16638","targetHints":{"allow":["GET"]}}],"collection":[{"href":"https:\/\/alaceramics.com\/index.php\/wp-json\/wp\/v2\/product"}],"about":[{"href":"https:\/\/alaceramics.com\/index.php\/wp-json\/wp\/v2\/types\/product"}],"replies":[{"embeddable":true,"href":"https:\/\/alaceramics.com\/index.php\/wp-json\/wp\/v2\/comments?post=16638"}],"version-history":[{"count":1,"href":"https:\/\/alaceramics.com\/index.php\/wp-json\/wp\/v2\/product\/16638\/revisions"}],"predecessor-version":[{"id":16639,"href":"https:\/\/alaceramics.com\/index.php\/wp-json\/wp\/v2\/product\/16638\/revisions\/16639"}],"wp:featuredmedia":[{"embeddable":true,"href":"https:\/\/alaceramics.com\/index.php\/wp-json\/wp\/v2\/media\/16796"}],"wp:attachment":[{"href":"https:\/\/alaceramics.com\/index.php\/wp-json\/wp\/v2\/media?parent=16638"}],"wp:term":[{"taxonomy":"product_brand","embeddable":true,"href":"https:\/\/alaceramics.com\/index.php\/wp-json\/wp\/v2\/product_brand?post=16638"},{"taxonomy":"product_cat","embeddable":true,"href":"https:\/\/alaceramics.com\/index.php\/wp-json\/wp\/v2\/product_cat?post=16638"},{"taxonomy":"product_tag","embeddable":true,"href":"https:\/\/alaceramics.com\/index.php\/wp-json\/wp\/v2\/product_tag?post=16638"}],"curies":[{"name":"wp","href":"https:\/\/api.w.org\/{rel}","templated":true}]}}