{"id":16646,"date":"2025-11-02T00:19:56","date_gmt":"2025-11-01T21:19:56","guid":{"rendered":"https:\/\/alaceramics.com\/?post_type=product&#038;p=16646"},"modified":"2025-11-06T17:47:12","modified_gmt":"2025-11-06T14:47:12","slug":"ikili-cezveli-kahve-fincan-seti-bakir-zamak-ahsap-kutulu","status":"publish","type":"product","link":"https:\/\/alaceramics.com\/index.php\/urun\/ikili-cezveli-kahve-fincan-seti-bakir-zamak-ahsap-kutulu\/","title":{"rendered":"\u0130kili Cezveli Kahve Fincan Seti Bak\u0131r Zamak Ah\u015fap Kutulu"},"content":{"rendered":"","protected":false},"excerpt":{"rendered":"","protected":false},"featured_media":16821,"comment_status":"open","ping_status":"closed","template":"","meta":[],"product_brand":[],"product_cat":[100,105,72,20,46,102,103],"product_tag":[141,144,120,146,116,127,121,112,113,117,118,145],"class_list":{"0":"post-16646","1":"product","2":"type-product","3":"status-publish","4":"has-post-thumbnail","6":"product_cat-ahsap-kutular","7":"product_cat-bakir-zamak-setler-tasarim-hediye-seti","8":"product_cat-kutu-koleksiyonu","9":"product_cat-metalurunlervekutular","10":"product_cat-ozeltasarimhediyesetleri","11":"product_cat-tasarim-hediye-seti","12":"product_cat-tasarim-hediye-seti-tasarim-hediye-seti","13":"product_tag-ahsap-kutu","14":"product_tag-bakir","15":"product_tag-bakir-cezve","16":"product_tag-cezve","17":"product_tag-hediye","18":"product_tag-hediyelik","19":"product_tag-ikili-cezveli-fincan-seti","20":"product_tag-kahve","21":"product_tag-kahve-fincani","22":"product_tag-kurumsal-hediye","23":"product_tag-promosyon","24":"product_tag-zamak-fincan","26":"first","27":"instock","28":"shipping-taxable","29":"purchasable","30":"product-type-simple"},"jetpack_sharing_enabled":true,"_links":{"self":[{"href":"https:\/\/alaceramics.com\/index.php\/wp-json\/wp\/v2\/product\/16646","targetHints":{"allow":["GET"]}}],"collection":[{"href":"https:\/\/alaceramics.com\/index.php\/wp-json\/wp\/v2\/product"}],"about":[{"href":"https:\/\/alaceramics.com\/index.php\/wp-json\/wp\/v2\/types\/product"}],"replies":[{"embeddable":true,"href":"https:\/\/alaceramics.com\/index.php\/wp-json\/wp\/v2\/comments?post=16646"}],"version-history":[{"count":1,"href":"https:\/\/alaceramics.com\/index.php\/wp-json\/wp\/v2\/product\/16646\/revisions"}],"predecessor-version":[{"id":16647,"href":"https:\/\/alaceramics.com\/index.php\/wp-json\/wp\/v2\/product\/16646\/revisions\/16647"}],"wp:featuredmedia":[{"embeddable":true,"href":"https:\/\/alaceramics.com\/index.php\/wp-json\/wp\/v2\/media\/16821"}],"wp:attachment":[{"href":"https:\/\/alaceramics.com\/index.php\/wp-json\/wp\/v2\/media?parent=16646"}],"wp:term":[{"taxonomy":"product_brand","embeddable":true,"href":"https:\/\/alaceramics.com\/index.php\/wp-json\/wp\/v2\/product_brand?post=16646"},{"taxonomy":"product_cat","embeddable":true,"href":"https:\/\/alaceramics.com\/index.php\/wp-json\/wp\/v2\/product_cat?post=16646"},{"taxonomy":"product_tag","embeddable":true,"href":"https:\/\/alaceramics.com\/index.php\/wp-json\/wp\/v2\/product_tag?post=16646"}],"curies":[{"name":"wp","href":"https:\/\/api.w.org\/{rel}","templated":true}]}}