{"id":16777,"date":"2025-11-03T22:15:56","date_gmt":"2025-11-03T19:15:56","guid":{"rendered":"https:\/\/alaceramics.com\/?post_type=product&#038;p=16777"},"modified":"2025-11-06T17:44:48","modified_gmt":"2025-11-06T14:44:48","slug":"ikili-kahve-fincan-seti-altin-yaldiz-dekor-kadife-kutulu-01-l","status":"publish","type":"product","link":"https:\/\/alaceramics.com\/index.php\/urun\/ikili-kahve-fincan-seti-altin-yaldiz-dekor-kadife-kutulu-01-l\/","title":{"rendered":"\u0130kili Kahve Fincan Seti Alt\u0131n Yald\u0131z Dekor Kadife Kutulu 01-L"},"content":{"rendered":"","protected":false},"excerpt":{"rendered":"","protected":false},"featured_media":16826,"comment_status":"open","ping_status":"closed","template":"","meta":[],"product_brand":[],"product_cat":[85,95,72,84,28,106],"product_tag":[116,127,119,125,112,113,117,118],"class_list":{"0":"post-16777","1":"product","2":"type-product","3":"status-publish","4":"has-post-thumbnail","6":"product_cat-fincan","7":"product_cat-kadife-kutular","8":"product_cat-kutu-koleksiyonu","9":"product_cat-porselen-koleksiyonu","10":"product_cat-seramikporselencam","11":"product_cat-seramik-porselen-setler","12":"product_tag-hediye","13":"product_tag-hediyelik","14":"product_tag-ikili-kahve-fincan-seti","15":"product_tag-kadife-kutu","16":"product_tag-kahve","17":"product_tag-kahve-fincani","18":"product_tag-kurumsal-hediye","19":"product_tag-promosyon","21":"first","22":"instock","23":"shipping-taxable","24":"purchasable","25":"product-type-simple"},"jetpack_sharing_enabled":true,"_links":{"self":[{"href":"https:\/\/alaceramics.com\/index.php\/wp-json\/wp\/v2\/product\/16777","targetHints":{"allow":["GET"]}}],"collection":[{"href":"https:\/\/alaceramics.com\/index.php\/wp-json\/wp\/v2\/product"}],"about":[{"href":"https:\/\/alaceramics.com\/index.php\/wp-json\/wp\/v2\/types\/product"}],"replies":[{"embeddable":true,"href":"https:\/\/alaceramics.com\/index.php\/wp-json\/wp\/v2\/comments?post=16777"}],"version-history":[{"count":2,"href":"https:\/\/alaceramics.com\/index.php\/wp-json\/wp\/v2\/product\/16777\/revisions"}],"predecessor-version":[{"id":16780,"href":"https:\/\/alaceramics.com\/index.php\/wp-json\/wp\/v2\/product\/16777\/revisions\/16780"}],"wp:featuredmedia":[{"embeddable":true,"href":"https:\/\/alaceramics.com\/index.php\/wp-json\/wp\/v2\/media\/16826"}],"wp:attachment":[{"href":"https:\/\/alaceramics.com\/index.php\/wp-json\/wp\/v2\/media?parent=16777"}],"wp:term":[{"taxonomy":"product_brand","embeddable":true,"href":"https:\/\/alaceramics.com\/index.php\/wp-json\/wp\/v2\/product_brand?post=16777"},{"taxonomy":"product_cat","embeddable":true,"href":"https:\/\/alaceramics.com\/index.php\/wp-json\/wp\/v2\/product_cat?post=16777"},{"taxonomy":"product_tag","embeddable":true,"href":"https:\/\/alaceramics.com\/index.php\/wp-json\/wp\/v2\/product_tag?post=16777"}],"curies":[{"name":"wp","href":"https:\/\/api.w.org\/{rel}","templated":true}]}}