{"id":16835,"date":"2025-11-06T18:37:29","date_gmt":"2025-11-06T15:37:29","guid":{"rendered":"https:\/\/alaceramics.com\/?post_type=product&#038;p=16835"},"modified":"2025-11-06T18:45:14","modified_gmt":"2025-11-06T15:45:14","slug":"ikili-kahve-fincan-seti-altin-yaldiz-dekor-kadife-kutulu-01-t","status":"publish","type":"product","link":"https:\/\/alaceramics.com\/index.php\/urun\/ikili-kahve-fincan-seti-altin-yaldiz-dekor-kadife-kutulu-01-t\/","title":{"rendered":"\u0130kili Kahve Fincan Seti Alt\u0131n Yald\u0131z Dekor Kadife Kutulu 01-T"},"content":{"rendered":"","protected":false},"excerpt":{"rendered":"","protected":false},"featured_media":16833,"comment_status":"open","ping_status":"closed","template":"","meta":[],"product_brand":[],"product_cat":[85,95,72,84,28,106],"product_tag":[116,127,119,112,113,117,118],"class_list":{"0":"post-16835","1":"product","2":"type-product","3":"status-publish","4":"has-post-thumbnail","6":"product_cat-fincan","7":"product_cat-kadife-kutular","8":"product_cat-kutu-koleksiyonu","9":"product_cat-porselen-koleksiyonu","10":"product_cat-seramikporselencam","11":"product_cat-seramik-porselen-setler","12":"product_tag-hediye","13":"product_tag-hediyelik","14":"product_tag-ikili-kahve-fincan-seti","15":"product_tag-kahve","16":"product_tag-kahve-fincani","17":"product_tag-kurumsal-hediye","18":"product_tag-promosyon","20":"first","21":"instock","22":"shipping-taxable","23":"purchasable","24":"product-type-simple"},"jetpack_sharing_enabled":true,"_links":{"self":[{"href":"https:\/\/alaceramics.com\/index.php\/wp-json\/wp\/v2\/product\/16835","targetHints":{"allow":["GET"]}}],"collection":[{"href":"https:\/\/alaceramics.com\/index.php\/wp-json\/wp\/v2\/product"}],"about":[{"href":"https:\/\/alaceramics.com\/index.php\/wp-json\/wp\/v2\/types\/product"}],"replies":[{"embeddable":true,"href":"https:\/\/alaceramics.com\/index.php\/wp-json\/wp\/v2\/comments?post=16835"}],"version-history":[{"count":1,"href":"https:\/\/alaceramics.com\/index.php\/wp-json\/wp\/v2\/product\/16835\/revisions"}],"predecessor-version":[{"id":16836,"href":"https:\/\/alaceramics.com\/index.php\/wp-json\/wp\/v2\/product\/16835\/revisions\/16836"}],"wp:featuredmedia":[{"embeddable":true,"href":"https:\/\/alaceramics.com\/index.php\/wp-json\/wp\/v2\/media\/16833"}],"wp:attachment":[{"href":"https:\/\/alaceramics.com\/index.php\/wp-json\/wp\/v2\/media?parent=16835"}],"wp:term":[{"taxonomy":"product_brand","embeddable":true,"href":"https:\/\/alaceramics.com\/index.php\/wp-json\/wp\/v2\/product_brand?post=16835"},{"taxonomy":"product_cat","embeddable":true,"href":"https:\/\/alaceramics.com\/index.php\/wp-json\/wp\/v2\/product_cat?post=16835"},{"taxonomy":"product_tag","embeddable":true,"href":"https:\/\/alaceramics.com\/index.php\/wp-json\/wp\/v2\/product_tag?post=16835"}],"curies":[{"name":"wp","href":"https:\/\/api.w.org\/{rel}","templated":true}]}}