{"id":16871,"date":"2025-11-06T23:07:49","date_gmt":"2025-11-06T20:07:49","guid":{"rendered":"https:\/\/alaceramics.com\/?post_type=product&#038;p=16871"},"modified":"2025-11-06T23:12:32","modified_gmt":"2025-11-06T20:12:32","slug":"ikili-cezveli-kahve-fincan-seti-altin-yaldiz-dekor-01-l","status":"publish","type":"product","link":"https:\/\/alaceramics.com\/index.php\/urun\/ikili-cezveli-kahve-fincan-seti-altin-yaldiz-dekor-01-l\/","title":{"rendered":"\u0130kili Cezveli Kahve Fincan Seti Alt\u0131n Yald\u0131z Dekor 01 -L"},"content":{"rendered":"","protected":false},"excerpt":{"rendered":"","protected":false},"featured_media":16828,"comment_status":"open","ping_status":"closed","template":"","meta":[],"product_brand":[],"product_cat":[85,84,86,28,106,103],"product_tag":[120,116,127,121,112,113,117,118],"class_list":{"0":"post-16871","1":"product","2":"type-product","3":"status-publish","4":"has-post-thumbnail","6":"product_cat-fincan","7":"product_cat-porselen-koleksiyonu","8":"product_cat-porselen-setler","9":"product_cat-seramikporselencam","10":"product_cat-seramik-porselen-setler","11":"product_cat-tasarim-hediye-seti-tasarim-hediye-seti","12":"product_tag-bakir-cezve","13":"product_tag-hediye","14":"product_tag-hediyelik","15":"product_tag-ikili-cezveli-fincan-seti","16":"product_tag-kahve","17":"product_tag-kahve-fincani","18":"product_tag-kurumsal-hediye","19":"product_tag-promosyon","21":"first","22":"instock","23":"shipping-taxable","24":"purchasable","25":"product-type-simple"},"jetpack_sharing_enabled":true,"_links":{"self":[{"href":"https:\/\/alaceramics.com\/index.php\/wp-json\/wp\/v2\/product\/16871","targetHints":{"allow":["GET"]}}],"collection":[{"href":"https:\/\/alaceramics.com\/index.php\/wp-json\/wp\/v2\/product"}],"about":[{"href":"https:\/\/alaceramics.com\/index.php\/wp-json\/wp\/v2\/types\/product"}],"replies":[{"embeddable":true,"href":"https:\/\/alaceramics.com\/index.php\/wp-json\/wp\/v2\/comments?post=16871"}],"version-history":[{"count":1,"href":"https:\/\/alaceramics.com\/index.php\/wp-json\/wp\/v2\/product\/16871\/revisions"}],"predecessor-version":[{"id":16872,"href":"https:\/\/alaceramics.com\/index.php\/wp-json\/wp\/v2\/product\/16871\/revisions\/16872"}],"wp:featuredmedia":[{"embeddable":true,"href":"https:\/\/alaceramics.com\/index.php\/wp-json\/wp\/v2\/media\/16828"}],"wp:attachment":[{"href":"https:\/\/alaceramics.com\/index.php\/wp-json\/wp\/v2\/media?parent=16871"}],"wp:term":[{"taxonomy":"product_brand","embeddable":true,"href":"https:\/\/alaceramics.com\/index.php\/wp-json\/wp\/v2\/product_brand?post=16871"},{"taxonomy":"product_cat","embeddable":true,"href":"https:\/\/alaceramics.com\/index.php\/wp-json\/wp\/v2\/product_cat?post=16871"},{"taxonomy":"product_tag","embeddable":true,"href":"https:\/\/alaceramics.com\/index.php\/wp-json\/wp\/v2\/product_tag?post=16871"}],"curies":[{"name":"wp","href":"https:\/\/api.w.org\/{rel}","templated":true}]}}