{"id":17141,"date":"2025-11-23T18:02:21","date_gmt":"2025-11-23T15:02:21","guid":{"rendered":"https:\/\/alaceramics.com\/?post_type=product&#038;p=17141"},"modified":"2025-11-23T18:03:57","modified_gmt":"2025-11-23T15:03:57","slug":"altili-kahve-fincan-seti-altin-yaldiz-dekor-kadife-kutulu-01-sm","status":"publish","type":"product","link":"https:\/\/alaceramics.com\/index.php\/urun\/altili-kahve-fincan-seti-altin-yaldiz-dekor-kadife-kutulu-01-sm\/","title":{"rendered":"Alt\u0131l\u0131 Kahve Fincan Seti Alt\u0131n Yald\u0131z Dekor Kadife Kutulu 01-SM"},"content":{"rendered":"","protected":false},"excerpt":{"rendered":"","protected":false},"featured_media":17039,"comment_status":"open","ping_status":"closed","template":"","meta":[],"product_brand":[],"product_cat":[85,95,72,84,28,106],"product_tag":[148,116,127,125,112,113,117,147,118],"class_list":{"0":"post-17141","1":"product","2":"type-product","3":"status-publish","4":"has-post-thumbnail","6":"product_cat-fincan","7":"product_cat-kadife-kutular","8":"product_cat-kutu-koleksiyonu","9":"product_cat-porselen-koleksiyonu","10":"product_cat-seramikporselencam","11":"product_cat-seramik-porselen-setler","12":"product_tag-altili-fincan-seti","13":"product_tag-hediye","14":"product_tag-hediyelik","15":"product_tag-kadife-kutu","16":"product_tag-kahve","17":"product_tag-kahve-fincani","18":"product_tag-kurumsal-hediye","19":"product_tag-porselen","20":"product_tag-promosyon","22":"first","23":"instock","24":"shipping-taxable","25":"purchasable","26":"product-type-simple"},"jetpack_sharing_enabled":true,"_links":{"self":[{"href":"https:\/\/alaceramics.com\/index.php\/wp-json\/wp\/v2\/product\/17141","targetHints":{"allow":["GET"]}}],"collection":[{"href":"https:\/\/alaceramics.com\/index.php\/wp-json\/wp\/v2\/product"}],"about":[{"href":"https:\/\/alaceramics.com\/index.php\/wp-json\/wp\/v2\/types\/product"}],"replies":[{"embeddable":true,"href":"https:\/\/alaceramics.com\/index.php\/wp-json\/wp\/v2\/comments?post=17141"}],"version-history":[{"count":1,"href":"https:\/\/alaceramics.com\/index.php\/wp-json\/wp\/v2\/product\/17141\/revisions"}],"predecessor-version":[{"id":17142,"href":"https:\/\/alaceramics.com\/index.php\/wp-json\/wp\/v2\/product\/17141\/revisions\/17142"}],"wp:featuredmedia":[{"embeddable":true,"href":"https:\/\/alaceramics.com\/index.php\/wp-json\/wp\/v2\/media\/17039"}],"wp:attachment":[{"href":"https:\/\/alaceramics.com\/index.php\/wp-json\/wp\/v2\/media?parent=17141"}],"wp:term":[{"taxonomy":"product_brand","embeddable":true,"href":"https:\/\/alaceramics.com\/index.php\/wp-json\/wp\/v2\/product_brand?post=17141"},{"taxonomy":"product_cat","embeddable":true,"href":"https:\/\/alaceramics.com\/index.php\/wp-json\/wp\/v2\/product_cat?post=17141"},{"taxonomy":"product_tag","embeddable":true,"href":"https:\/\/alaceramics.com\/index.php\/wp-json\/wp\/v2\/product_tag?post=17141"}],"curies":[{"name":"wp","href":"https:\/\/api.w.org\/{rel}","templated":true}]}}