{"id":17145,"date":"2025-11-23T18:06:59","date_gmt":"2025-11-23T15:06:59","guid":{"rendered":"https:\/\/alaceramics.com\/?post_type=product&#038;p=17145"},"modified":"2025-11-23T18:08:22","modified_gmt":"2025-11-23T15:08:22","slug":"dortlu-kahve-fincan-seti-altin-yaldiz-dekor-01-s","status":"publish","type":"product","link":"https:\/\/alaceramics.com\/index.php\/urun\/dortlu-kahve-fincan-seti-altin-yaldiz-dekor-01-s\/","title":{"rendered":"D\u00f6rtl\u00fc Kahve Fincan Seti Alt\u0131n Yald\u0131z Dekor 01-S"},"content":{"rendered":"","protected":false},"excerpt":{"rendered":"","protected":false},"featured_media":17102,"comment_status":"open","ping_status":"closed","template":"","meta":[],"product_brand":[],"product_cat":[85,84,86,28,106,103],"product_tag":[111,115,122,116,112,113,117,118],"class_list":{"0":"post-17145","1":"product","2":"type-product","3":"status-publish","4":"has-post-thumbnail","6":"product_cat-fincan","7":"product_cat-porselen-koleksiyonu","8":"product_cat-porselen-setler","9":"product_cat-seramikporselencam","10":"product_cat-seramik-porselen-setler","11":"product_cat-tasarim-hediye-seti-tasarim-hediye-seti","12":"product_tag-ataturk","13":"product_tag-ataturk-imzali-fincan","14":"product_tag-dotlu-kahve-fincan-seti","15":"product_tag-hediye","16":"product_tag-kahve","17":"product_tag-kahve-fincani","18":"product_tag-kurumsal-hediye","19":"product_tag-promosyon","21":"first","22":"instock","23":"shipping-taxable","24":"purchasable","25":"product-type-simple"},"jetpack_sharing_enabled":true,"_links":{"self":[{"href":"https:\/\/alaceramics.com\/index.php\/wp-json\/wp\/v2\/product\/17145","targetHints":{"allow":["GET"]}}],"collection":[{"href":"https:\/\/alaceramics.com\/index.php\/wp-json\/wp\/v2\/product"}],"about":[{"href":"https:\/\/alaceramics.com\/index.php\/wp-json\/wp\/v2\/types\/product"}],"replies":[{"embeddable":true,"href":"https:\/\/alaceramics.com\/index.php\/wp-json\/wp\/v2\/comments?post=17145"}],"version-history":[{"count":1,"href":"https:\/\/alaceramics.com\/index.php\/wp-json\/wp\/v2\/product\/17145\/revisions"}],"predecessor-version":[{"id":17146,"href":"https:\/\/alaceramics.com\/index.php\/wp-json\/wp\/v2\/product\/17145\/revisions\/17146"}],"wp:featuredmedia":[{"embeddable":true,"href":"https:\/\/alaceramics.com\/index.php\/wp-json\/wp\/v2\/media\/17102"}],"wp:attachment":[{"href":"https:\/\/alaceramics.com\/index.php\/wp-json\/wp\/v2\/media?parent=17145"}],"wp:term":[{"taxonomy":"product_brand","embeddable":true,"href":"https:\/\/alaceramics.com\/index.php\/wp-json\/wp\/v2\/product_brand?post=17145"},{"taxonomy":"product_cat","embeddable":true,"href":"https:\/\/alaceramics.com\/index.php\/wp-json\/wp\/v2\/product_cat?post=17145"},{"taxonomy":"product_tag","embeddable":true,"href":"https:\/\/alaceramics.com\/index.php\/wp-json\/wp\/v2\/product_tag?post=17145"}],"curies":[{"name":"wp","href":"https:\/\/api.w.org\/{rel}","templated":true}]}}